{"id":57,"date":"2024-07-08T16:55:58","date_gmt":"2024-07-08T16:55:58","guid":{"rendered":"https:\/\/tradeiberia.es\/?page_id=57"},"modified":"2024-07-08T16:57:14","modified_gmt":"2024-07-08T16:57:14","slug":"declaracion-accesibilidad","status":"publish","type":"page","link":"https:\/\/tradeiberia.es\/index.php\/declaracion-accesibilidad\/","title":{"rendered":"Declaraci\u00f3n Accesibilidad"},"content":{"rendered":"<p>[et_pb_section fb_built=\u00bb1&#8243; theme_builder_area=\u00bbpost_content\u00bb _builder_version=\u00bb4.26.0&#8243; _module_preset=\u00bbdefault\u00bb][et_pb_row _builder_version=\u00bb4.26.0&#8243; _module_preset=\u00bbdefault\u00bb theme_builder_area=\u00bbpost_content\u00bb][et_pb_column _builder_version=\u00bb4.26.0&#8243; _module_preset=\u00bbdefault\u00bb type=\u00bb4_4&#8243; theme_builder_area=\u00bbpost_content\u00bb][et_pb_text _builder_version=\u00bb4.26.0&#8243; _module_preset=\u00bbdefault\u00bb theme_builder_area=\u00bbpost_content\u00bb hover_enabled=\u00bb0&#8243; sticky_enabled=\u00bb0&#8243;]<\/p>\n<h1 style=\"text-align: center;\">Declaraci\u00f3n Accesibilidad<\/h1>\n<p>[\/et_pb_text][\/et_pb_column][\/et_pb_row][et_pb_row _builder_version=\u00bb4.26.0&#8243; _module_preset=\u00bbdefault\u00bb theme_builder_area=\u00bbpost_content\u00bb][et_pb_column _builder_version=\u00bb4.26.0&#8243; _module_preset=\u00bbdefault\u00bb type=\u00bb4_4&#8243; theme_builder_area=\u00bbpost_content\u00bb][et_pb_text _builder_version=\u00bb4.26.0&#8243; _module_preset=\u00bbdefault\u00bb theme_builder_area=\u00bbpost_content\u00bb hover_enabled=\u00bb0&#8243; sticky_enabled=\u00bb0&#8243;]<\/p>\n<p>TRADETECH IBERIA S.L. se ha comprometido a hacer accesible su sitio web de conformidad con el Real Decreto 1112\/2018, de 7 de septiembre, sobre accesibilidad de los sitios web y aplicaciones para dispositivos m\u00f3viles del sector p\u00fablico.<\/p>\n<p>La presente declaraci\u00f3n de accesibilidad se aplica al sitio web https:\/\/tradeiberia.es\/<\/p>\n<p>Situaci\u00f3n de cumplimiento<\/p>\n<p>Este sitio web es plenamente conforme con el RD 1112\/2018<\/p>\n<p>Preparaci\u00f3n de la presente declaraci\u00f3n de accesibilidad<\/p>\n<p>La presente declaraci\u00f3n fue preparada el 25 de junio de 2024.<\/p>\n<p>El m\u00e9todo empleado para preparar la declaraci\u00f3n ha sido una autoevaluaci\u00f3n llevada a cabo por el agente digital: Aradat Sistemas.<\/p>\n<p>\u00daltima revisi\u00f3n de la declaraci\u00f3n: 25 de junio de 2024.<\/p>\n<p>Observaciones y datos de contacto<\/p>\n<p>Puede realizar comunicaciones sobre requisitos de accesibilidad (art\u00edculo 10.2.a) del RD 1112\/2018) como, por ejemplo:<\/p>\n<p>Informar sobre cualquier posible incumplimiento por parte de este sitio web<br \/>Transmitir otras dificultades de acceso al contenido<br \/>Formular cualquier otra consulta o sugerencia de mejora relativa a la accesibilidad del sitio web<br \/>A trav\u00e9s del siguiente formulario de contacto o llamando al tel\u00e9fono 876269391.<\/p>\n<p>Puede presentar:<\/p>\n<p>Una Queja relativa al cumplimiento de los requisitos del RD 1112\/2018 o<br \/>Una Solicitud de Informaci\u00f3n accesible relativa a:<br \/>contenidos que est\u00e1n excluidos del \u00e1mbito de aplicaci\u00f3n del RD 1112\/2018 seg\u00fan lo establecido por el art\u00edculo 3, apartado 4<br \/>contenidos que est\u00e1n exentos del cumplimiento de los requisitos de accesibilidad por imponer una carga desproporcionada.<br \/>En la Solicitud de informaci\u00f3n accesible, se debe concretar, con toda claridad, los hechos, razones y petici\u00f3n que permitan constatar que se trata de una solicitud razonable y leg\u00edtima.<\/p>\n<p>Las comunicaciones, quejas y solicitudes de informaci\u00f3n accesible ser\u00e1n recibidas y tratadas por TRADETECH IBERIA S.L.<\/p>\n<p>Procedimiento de aplicaci\u00f3n<\/p>\n<p>Si una vez realizada una solicitud de informaci\u00f3n accesible o queja, \u00e9sta hubiera sido desestimada, no se estuviera de acuerdo con la decisi\u00f3n adoptada, o la respuesta no cumpliera los requisitos contemplados en el art\u00edculo 12.5, la persona interesada podr\u00e1 iniciar una reclamaci\u00f3n.<\/p>\n<p>[\/et_pb_text][\/et_pb_column][\/et_pb_row][\/et_pb_section]<\/p>\n","protected":false},"excerpt":{"rendered":"<p>Declaraci\u00f3n AccesibilidadTRADETECH IBERIA S.L. se ha comprometido a hacer accesible su sitio web de conformidad con el Real Decreto 1112\/2018, de 7 de septiembre, sobre accesibilidad de los sitios web y aplicaciones para dispositivos m\u00f3viles del sector p\u00fablico. La presente declaraci\u00f3n de accesibilidad se aplica al sitio web https:\/\/tradeiberia.es\/ Situaci\u00f3n de cumplimiento Este sitio web [&hellip;]<\/p>\n","protected":false},"author":1,"featured_media":0,"parent":0,"menu_order":0,"comment_status":"closed","ping_status":"closed","template":"","meta":{"_et_pb_use_builder":"on","_et_pb_old_content":"","_et_gb_content_width":"","footnotes":""},"class_list":["post-57","page","type-page","status-publish","hentry"],"_links":{"self":[{"href":"https:\/\/tradeiberia.es\/index.php\/wp-json\/wp\/v2\/pages\/57","targetHints":{"allow":["GET"]}}],"collection":[{"href":"https:\/\/tradeiberia.es\/index.php\/wp-json\/wp\/v2\/pages"}],"about":[{"href":"https:\/\/tradeiberia.es\/index.php\/wp-json\/wp\/v2\/types\/page"}],"author":[{"embeddable":true,"href":"https:\/\/tradeiberia.es\/index.php\/wp-json\/wp\/v2\/users\/1"}],"replies":[{"embeddable":true,"href":"https:\/\/tradeiberia.es\/index.php\/wp-json\/wp\/v2\/comments?post=57"}],"version-history":[{"count":4,"href":"https:\/\/tradeiberia.es\/index.php\/wp-json\/wp\/v2\/pages\/57\/revisions"}],"predecessor-version":[{"id":62,"href":"https:\/\/tradeiberia.es\/index.php\/wp-json\/wp\/v2\/pages\/57\/revisions\/62"}],"wp:attachment":[{"href":"https:\/\/tradeiberia.es\/index.php\/wp-json\/wp\/v2\/media?parent=57"}],"curies":[{"name":"wp","href":"https:\/\/api.w.org\/{rel}","templated":true}]}}