{"id":11,"date":"2024-07-08T16:07:25","date_gmt":"2024-07-08T16:07:25","guid":{"rendered":"https:\/\/tradeiberia.es\/?page_id=11"},"modified":"2024-07-08T16:27:28","modified_gmt":"2024-07-08T16:27:28","slug":"clientes","status":"publish","type":"page","link":"https:\/\/tradeiberia.es\/index.php\/clientes\/","title":{"rendered":"Clientes"},"content":{"rendered":"<p>[et_pb_section fb_built=\u00bb1&#8243; admin_label=\u00bbHero\u00bb _builder_version=\u00bb4.17.6&#8243; _module_preset=\u00bbdefault\u00bb locked=\u00bboff\u00bb collapsed=\u00bbon\u00bb global_colors_info=\u00bb{}\u00bb][et_pb_row column_structure=\u00bb1_2,1_2&#8243; _builder_version=\u00bb4.24.2&#8243; _module_preset=\u00bb5138c454-be54-4233-bd3b-f8e6a8747976&#8243; locked=\u00bboff\u00bb global_colors_info=\u00bb{}\u00bb][et_pb_column type=\u00bb1_2&#8243; _builder_version=\u00bb4.23.1&#8243; _module_preset=\u00bb73121f80-a3ef-4484-8763-c3f18e3c56d2&#8243; global_colors_info=\u00bb{}\u00bb][et_pb_heading title=\u00bbM\u00e1s de 3000 Clientes Satisfechos\u00bb _builder_version=\u00bb4.24.2&#8243; _module_preset=\u00bbf0c675ea-2574-4d0e-b725-30f8550a8550&#8243; title_text_color=\u00bbgcid-primary-color\u00bb locked=\u00bboff\u00bb global_colors_info=\u00bb{%22gcid-primary-color%22:%91%22title_text_color%22%93}\u00bb][\/et_pb_heading][et_pb_heading title=\u00bbDistribuidor L\u00edder en Tecnolog\u00eda desde 2013&#8243; _builder_version=\u00bb4.24.3&#8243; _module_preset=\u00bbddeb8c09-9078-4424-bc15-2efb6572e28e\u00bb locked=\u00bboff\u00bb global_colors_info=\u00bb{}\u00bb][\/et_pb_heading][et_pb_text _builder_version=\u00bb4.24.2&#8243; _module_preset=\u00bb2c55a9c4-feed-423b-9edb-ae0b5b365cac\u00bb locked=\u00bboff\u00bb global_colors_info=\u00bb{}\u00bb]<\/p>\n<p>En Tradetech Iberia S.L., nos enorgullece ofrecer atenci\u00f3n personalizada, precios competitivos y un compromiso inquebrantable con el crecimiento continuo.<\/p>\n<p>[\/et_pb_text][et_pb_button button_text=\u00bbDescubre M\u00e1s\u00bb _builder_version=\u00bb4.24.2&#8243; _module_preset=\u00bb1bffc0fc-42a0-49d1-bd9a-ae3ade2d7206&#8243; locked=\u00bboff\u00bb global_colors_info=\u00bb{}\u00bb][\/et_pb_button][\/et_pb_column][et_pb_column type=\u00bb1_2&#8243; _builder_version=\u00bb4.23.1&#8243; _module_preset=\u00bb73121f80-a3ef-4484-8763-c3f18e3c56d2&#8243; global_colors_info=\u00bb{}\u00bb][et_pb_image src=\u00bbhttps:\/\/images.unsplash.com\/photo-1609769855973-b3208b494dfd?ixid=M3w1ODkyNzF8MHwxfHNlYXJjaHw5fHxjdXN0b21lciUyMHNlcnZpY2UlMjBkZXNrfGVufDB8Mnx8fDE3MjA0NTQ3NzJ8MA&#038;ixlib=rb-4.0.3&#038;fm=webp&#038;fit=crop&#038;crop=entropy&#038;w=800&#038;h=800&#038;q=20&#038;dpr=2&#8243; title_text=\u00bb800&#215;800&#8243; _builder_version=\u00bb4.25.2&#8243; _module_preset=\u00bb1cc6152f-565c-4c4d-b0c9-cf8c9576c341&#8243; box_shadow_style=\u00bbpreset4&#8243; box_shadow_horizontal=\u00bb0px\u00bb box_shadow_vertical=\u00bb24px\u00bb box_shadow_blur=\u00bb72px\u00bb box_shadow_spread=\u00bb-12px\u00bb locked=\u00bboff\u00bb global_colors_info=\u00bb{}\u00bb][\/et_pb_image][\/et_pb_column][\/et_pb_row][\/et_pb_section][et_pb_section fb_built=\u00bb1&#8243; admin_label=\u00bbText &#038; Image\u00bb _builder_version=\u00bb4.18.0&#8243; _module_preset=\u00bbdefault\u00bb locked=\u00bboff\u00bb collapsed=\u00bbon\u00bb global_colors_info=\u00bb{}\u00bb][et_pb_row _builder_version=\u00bb4.18.0&#8243; _module_preset=\u00bb5138c454-be54-4233-bd3b-f8e6a8747976&#8243; global_colors_info=\u00bb{}\u00bb][et_pb_column type=\u00bb4_4&#8243; _builder_version=\u00bb4.16.0&#8243; _module_preset=\u00bb73121f80-a3ef-4484-8763-c3f18e3c56d2&#8243; global_colors_info=\u00bb{}\u00bb][et_pb_image src=\u00bbhttps:\/\/images.unsplash.com\/photo-1653507445935-4cc453d1a357?ixid=M3w1ODkyNzF8MHwxfHNlYXJjaHwxMHx8dGVjaG5vbG9neSUyMHByb2R1Y3RzJTIwZGlzcGxheXxlbnwwfDB8fHwxNzIwNDU0NzcyfDA&#038;ixlib=rb-4.0.3&#038;fm=webp&#038;fit=crop&#038;crop=entropy&#038;w=1080&#038;h=600&#038;q=20&#038;dpr=2&#8243; title_text=\u00bb1080&#215;600&#8243; _builder_version=\u00bb4.24.3&#8243; _module_preset=\u00bb6ed8fd5c-62c5-4100-98c3-7b8b6d2c2ee6&#8243; global_colors_info=\u00bb{}\u00bb][\/et_pb_image][\/et_pb_column][\/et_pb_row][et_pb_row column_structure=\u00bb1_2,1_2&#8243; _builder_version=\u00bb4.18.0&#8243; _module_preset=\u00bb5138c454-be54-4233-bd3b-f8e6a8747976&#8243; locked=\u00bboff\u00bb global_colors_info=\u00bb{}\u00bb][et_pb_column type=\u00bb1_2&#8243; _builder_version=\u00bb4.16.0&#8243; _module_preset=\u00bb73121f80-a3ef-4484-8763-c3f18e3c56d2&#8243; global_colors_info=\u00bb{}\u00bb][et_pb_heading title=\u00bbCalidad y Servicio Inigualables\u00bb _builder_version=\u00bb4.24.3&#8243; _module_preset=\u00bbba4a6336-701f-47b8-bf5c-09da0ce28016&#8243; locked=\u00bboff\u00bb global_colors_info=\u00bb{}\u00bb][\/et_pb_heading][\/et_pb_column][et_pb_column type=\u00bb1_2&#8243; _builder_version=\u00bb4.16.0&#8243; _module_preset=\u00bb73121f80-a3ef-4484-8763-c3f18e3c56d2&#8243; global_colors_info=\u00bb{}\u00bb][et_pb_text _builder_version=\u00bb4.24.3&#8243; _module_preset=\u00bb2c55a9c4-feed-423b-9edb-ae0b5b365cac\u00bb locked=\u00bboff\u00bb global_colors_info=\u00bb{}\u00bb]<\/p>\n<p>Desde 2013, Tradetech Iberia S.L. ha atendido a m\u00e1s de 3000 clientes, ofreciendo productos tecnol\u00f3gicos de alta calidad. Nos destacamos por nuestra atenci\u00f3n personalizada y precios competitivos, siempre con la vista puesta en el crecimiento y la expansi\u00f3n de nuestros servicios.<\/p>\n<p>[\/et_pb_text][\/et_pb_column][\/et_pb_row][\/et_pb_section][et_pb_section fb_built=\u00bb1&#8243; admin_label=\u00bbTestimonials\u00bb _builder_version=\u00bb4.17.6&#8243; _module_preset=\u00bbdefault\u00bb locked=\u00bboff\u00bb collapsed=\u00bbon\u00bb global_colors_info=\u00bb{}\u00bb][et_pb_row _builder_version=\u00bb4.16&#8243; _module_preset=\u00bb5138c454-be54-4233-bd3b-f8e6a8747976&#8243; locked=\u00bboff\u00bb global_colors_info=\u00bb{}\u00bb][et_pb_column type=\u00bb4_4&#8243; _builder_version=\u00bb4.16&#8243; _module_preset=\u00bb73121f80-a3ef-4484-8763-c3f18e3c56d2&#8243; global_colors_info=\u00bb{}\u00bb][et_pb_icon font_icon=\u00bb&#xf10d;||fa||900&#8243; icon_color=\u00bbgcid-secondary-color\u00bb align=\u00bbcenter\u00bb module_class=\u00bbai_ignore_font_icon\u00bb _builder_version=\u00bb4.24.3&#8243; _module_preset=\u00bbc2c23269-d09e-4bca-9247-65cd5ecf15a9&#8243; locked=\u00bboff\u00bb global_colors_info=\u00bb{%22gcid-secondary-color%22:%91%22icon_color%22%93}\u00bb][\/et_pb_icon][et_pb_heading title=\u00bbLo Que Dicen Nuestros Clientes\u00bb _builder_version=\u00bb4.24.3&#8243; _module_preset=\u00bbc33f07d9-41e0-421a-8799-5799df695cce\u00bb title_text_align=\u00bbcenter\u00bb global_colors_info=\u00bb{}\u00bb][\/et_pb_heading][\/et_pb_column][\/et_pb_row][et_pb_row column_structure=\u00bb1_3,1_3,1_3&#8243; make_equal=\u00bbon\u00bb _builder_version=\u00bb4.24.3&#8243; _module_preset=\u00bb5138c454-be54-4233-bd3b-f8e6a8747976&#8243; global_colors_info=\u00bb{}\u00bb][et_pb_column type=\u00bb1_3&#8243; _builder_version=\u00bb4.24.3&#8243; _module_preset=\u00bb24385ca2-769f-4664-bda9-1443db945d08&#8243; border_radii=\u00bbon|6px|6px|6px|6px\u00bb global_colors_info=\u00bb{}\u00bb][et_pb_text _builder_version=\u00bb4.24.3&#8243; _module_preset=\u00bbdefault\u00bb text_text_color=\u00bb#FFFFFF\u00bb text_font_size=\u00bb24px\u00bb text_letter_spacing=\u00bb4px\u00bb locked=\u00bboff\u00bb global_colors_info=\u00bb{%22gcid-f2943306-fa6c-45f0-b632-5fc00151366a%22:%91%22link_text_color%22,%22link_text_color%22%93,%22gcid-primary-color%22:%91%22text_text_color%22%93}\u00bb]<\/p>\n<p><b>\u2605<\/b><b>\u2605<\/b><b>\u2605<\/b><b>\u2605<\/b><b>\u2605<\/b><\/p>\n<p>[\/et_pb_text][et_pb_text _builder_version=\u00bb4.24.3&#8243; _module_preset=\u00bb0504de1e-f5ff-4281-ba60-cbbe4edf98bc\u00bb text_font=\u00bb&#8211;et_global_body_font|700|||||||\u00bb text_font_size=\u00bb18px\u00bb text_font_size_tablet=\u00bb16px\u00bb text_font_size_phone=\u00bb16px\u00bb text_font_size_last_edited=\u00bbon|desktop\u00bb locked=\u00bboff\u00bb global_colors_info=\u00bb{%22gcid-primary-color%22:%91%22link_text_color%22,%22link_text_color%22%93,%22gcid-heading-color%22:%91%22header_text_color%22,%22header_4_text_color%22,%22header_3_text_color%22,%22header_2_text_color%22,%22header_5_text_color%22,%22header_6_text_color%22,%22quote_text_color%22%93,%22gcid-secondary-color%22:%91%22quote_border_color%22,%22quote_border_color%22%93}\u00bb]<\/p>\n<p>\u201cLa atenci\u00f3n personalizada de Tradetech Iberia S.L. es insuperable. Siempre est\u00e1n disponibles para resolver cualquier duda y sus precios son los mejores del mercado.\u201d<\/p>\n<p>[\/et_pb_text][et_pb_blurb title=\u00bbJuan P\u00e9rez\u00bb image=\u00bbhttps:\/\/premadesections.divi.support\/premade\/wp-content\/uploads\/sites\/4\/2024\/04\/new-portrait-7-800&#215;800-1.jpg\u00bb _builder_version=\u00bb4.24.3&#8243; _module_preset=\u00bb862c9607-1b6f-4b69-8945-31700042b129&#8243; locked=\u00bboff\u00bb global_colors_info=\u00bb{}\u00bb]<\/p>\n<p>Gerente de Compras<\/p>\n<p>[\/et_pb_blurb][\/et_pb_column][et_pb_column type=\u00bb1_3&#8243; _builder_version=\u00bb4.24.3&#8243; _module_preset=\u00bb24385ca2-769f-4664-bda9-1443db945d08&#8243; border_radii=\u00bbon|6px|6px|6px|6px\u00bb global_colors_info=\u00bb{}\u00bb][et_pb_text _builder_version=\u00bb4.24.2&#8243; _module_preset=\u00bbdefault\u00bb text_text_color=\u00bb#FFFFFF\u00bb text_font_size=\u00bb24px\u00bb text_letter_spacing=\u00bb4px\u00bb locked=\u00bboff\u00bb global_colors_info=\u00bb{%22gcid-f2943306-fa6c-45f0-b632-5fc00151366a%22:%91%22link_text_color%22,%22link_text_color%22%93,%22gcid-primary-color%22:%91%22text_text_color%22%93}\u00bb]<\/p>\n<p><b>\u2605<\/b><b>\u2605<\/b><b>\u2605<\/b><b>\u2605<\/b><b>\u2605<\/b><\/p>\n<p>[\/et_pb_text][et_pb_text _builder_version=\u00bb4.24.3&#8243; _module_preset=\u00bb0504de1e-f5ff-4281-ba60-cbbe4edf98bc\u00bb text_font=\u00bb&#8211;et_global_body_font|700|||||||\u00bb text_font_size=\u00bb18px\u00bb text_font_size_tablet=\u00bb16px\u00bb text_font_size_phone=\u00bb16px\u00bb text_font_size_last_edited=\u00bbon|desktop\u00bb locked=\u00bboff\u00bb global_colors_info=\u00bb{%22gcid-primary-color%22:%91%22link_text_color%22,%22link_text_color%22%93,%22gcid-heading-color%22:%91%22header_text_color%22,%22header_4_text_color%22,%22header_3_text_color%22,%22header_2_text_color%22,%22header_5_text_color%22,%22header_6_text_color%22,%22quote_text_color%22%93,%22gcid-secondary-color%22:%91%22quote_border_color%22,%22quote_border_color%22%93}\u00bb]<\/p>\n<p>\u201cDesde que comenzamos a trabajar con Tradetech Iberia S.L., hemos visto una mejora significativa en la calidad de nuestros productos tecnol\u00f3gicos. Su compromiso con el cliente es excepcional.\u201d<\/p>\n<p>[\/et_pb_text][et_pb_blurb title=\u00bbMar\u00eda L\u00f3pez\u00bb image=\u00bbhttps:\/\/premadesections.divi.support\/premade\/wp-content\/uploads\/sites\/4\/2024\/04\/new-portrait-11-800&#215;800-1.jpg\u00bb _builder_version=\u00bb4.24.3&#8243; _module_preset=\u00bb862c9607-1b6f-4b69-8945-31700042b129&#8243; locked=\u00bboff\u00bb global_colors_info=\u00bb{}\u00bb]<\/p>\n<p>Directora de TI<\/p>\n<p>[\/et_pb_blurb][\/et_pb_column][et_pb_column type=\u00bb1_3&#8243; _builder_version=\u00bb4.24.3&#8243; _module_preset=\u00bb24385ca2-769f-4664-bda9-1443db945d08&#8243; border_radii=\u00bbon|6px|6px|6px|6px\u00bb global_colors_info=\u00bb{}\u00bb][et_pb_text _builder_version=\u00bb4.24.2&#8243; _module_preset=\u00bbdefault\u00bb text_text_color=\u00bb#FFFFFF\u00bb text_font_size=\u00bb24px\u00bb text_letter_spacing=\u00bb4px\u00bb locked=\u00bboff\u00bb global_colors_info=\u00bb{%22gcid-f2943306-fa6c-45f0-b632-5fc00151366a%22:%91%22link_text_color%22,%22link_text_color%22%93,%22gcid-primary-color%22:%91%22text_text_color%22%93}\u00bb]<\/p>\n<p><b>\u2605<\/b><b>\u2605<\/b><b>\u2605<\/b><b>\u2605<\/b><b>\u2605<\/b><\/p>\n<p>[\/et_pb_text][et_pb_text _builder_version=\u00bb4.24.3&#8243; _module_preset=\u00bb0504de1e-f5ff-4281-ba60-cbbe4edf98bc\u00bb text_font=\u00bb&#8211;et_global_body_font|700|||||||\u00bb text_font_size=\u00bb18px\u00bb text_font_size_tablet=\u00bb16px\u00bb text_font_size_phone=\u00bb16px\u00bb text_font_size_last_edited=\u00bbon|desktop\u00bb locked=\u00bboff\u00bb global_colors_info=\u00bb{%22gcid-primary-color%22:%91%22link_text_color%22,%22link_text_color%22%93,%22gcid-heading-color%22:%91%22header_text_color%22,%22header_4_text_color%22,%22header_3_text_color%22,%22header_2_text_color%22,%22header_5_text_color%22,%22header_6_text_color%22,%22quote_text_color%22%93,%22gcid-secondary-color%22:%91%22quote_border_color%22,%22quote_border_color%22%93}\u00bb]<\/p>\n<p>\u201cTradetech Iberia S.L. ofrece un servicio r\u00e1pido y eficiente. Su equipo siempre est\u00e1 dispuesto a ayudar y sus precios son muy competitivos.\u201d<\/p>\n<p>[\/et_pb_text][et_pb_blurb title=\u00bbCarlos Garc\u00eda\u00bb image=\u00bbhttps:\/\/premadesections.divi.support\/premade\/wp-content\/uploads\/sites\/4\/2024\/04\/new-portrait-10-800&#215;800-1.jpg\u00bb _builder_version=\u00bb4.24.3&#8243; _module_preset=\u00bb862c9607-1b6f-4b69-8945-31700042b129&#8243; locked=\u00bboff\u00bb global_colors_info=\u00bb{}\u00bb]<\/p>\n<p>Jefe de Log\u00edstica<\/p>\n<p>[\/et_pb_blurb][\/et_pb_column][\/et_pb_row][\/et_pb_section][et_pb_section fb_built=\u00bb1&#8243; admin_label=\u00bbCall to Action\u00bb _builder_version=\u00bb4.24.2&#8243; _module_preset=\u00bbdefault\u00bb use_background_color_gradient=\u00bbon\u00bb background_color_gradient_direction=\u00bb90deg\u00bb background_color_gradient_stops=\u00bbgcid-primary-color 65%|rgba(255,255,255,0) 65%\u00bb background_color_gradient_start=\u00bbgcid-36fd78a7-34bc-404d-873c-dafa34efaae5&#8243; background_color_gradient_start_position=\u00bb65%\u00bb background_color_gradient_end=\u00bbrgba(255,255,255,0)\u00bb background_color_gradient_end_position=\u00bb65%\u00bb background_last_edited=\u00bbon|desktop\u00bb background_color_gradient_direction_tablet=\u00bb180deg\u00bb locked=\u00bboff\u00bb collapsed=\u00bbon\u00bb global_colors_info=\u00bb{%22gcid-36fd78a7-34bc-404d-873c-dafa34efaae5%22:%91%22colorStart%22%93,%22gcid-primary-color%22:%91%22background_color_gradient_stops%22%93}\u00bb][et_pb_row column_structure=\u00bb3_5,2_5&#8243; _builder_version=\u00bb4.18.0&#8243; _module_preset=\u00bb5138c454-be54-4233-bd3b-f8e6a8747976&#8243; global_colors_info=\u00bb{}\u00bb][et_pb_column type=\u00bb3_5&#8243; _builder_version=\u00bb4.16&#8243; _module_preset=\u00bb73121f80-a3ef-4484-8763-c3f18e3c56d2&#8243; global_colors_info=\u00bb{}\u00bb][et_pb_heading title=\u00bb\u00a1Hablemos!\u00bb _builder_version=\u00bb4.24.2&#8243; _module_preset=\u00bbc33f07d9-41e0-421a-8799-5799df695cce\u00bb title_text_color=\u00bb#FFFFFF\u00bb locked=\u00bboff\u00bb global_colors_info=\u00bb{}\u00bb][\/et_pb_heading][et_pb_text _builder_version=\u00bb4.24.2&#8243; _module_preset=\u00bb0504de1e-f5ff-4281-ba60-cbbe4edf98bc\u00bb locked=\u00bboff\u00bb]<\/p>\n<p>\u00bfTienes alguna pregunta o necesitas asistencia personalizada? Nuestro equipo est\u00e1 aqu\u00ed para ayudarte. No dudes en ponerte en contacto con nosotros para obtener m\u00e1s informaci\u00f3n sobre nuestros productos y servicios.<\/p>\n<p>[\/et_pb_text][et_pb_button button_text=\u00bbCont\u00e1ctanos Ahora\u00bb _builder_version=\u00bb4.26.0&#8243; _module_preset=\u00bbab15fb74-61a3-43aa-96b3-41e09aeef654&#8243; hover_enabled=\u00bb0&#8243; locked=\u00bboff\u00bb global_colors_info=\u00bb{}\u00bb button_url=\u00bb@ET-DC@eyJkeW5hbWljIjp0cnVlLCJjb250ZW50IjoicG9zdF9saW5rX3VybF9wYWdlIiwic2V0dGluZ3MiOnsicG9zdF9pZCI6IjE1In19@\u00bb _dynamic_attributes=\u00bbbutton_url\u00bb sticky_enabled=\u00bb0&#8243;][\/et_pb_button][\/et_pb_column][et_pb_column type=\u00bb2_5&#8243; _builder_version=\u00bb4.16&#8243; _module_preset=\u00bb73121f80-a3ef-4484-8763-c3f18e3c56d2&#8243; global_colors_info=\u00bb{}\u00bb][et_pb_image src=\u00bbhttps:\/\/images.unsplash.com\/photo-1557200134-90327ee9fafa?ixid=M3w1ODkyNzF8MHwxfHNlYXJjaHw2fHxjb250YWN0JTIwdXMlMjBidXR0b258ZW58MHwwfHx8MTcyMDQzMzE2Nnww&#038;ixlib=rb-4.0.3&#038;fm=webp&#038;fit=crop&#038;crop=entropy&#038;w=800&#038;h=600&#038;q=20&#038;dpr=2&#8243; title_text=\u00bb800&#215;600&#8243; _builder_version=\u00bb4.24.3&#8243; _module_preset=\u00bb6ed8fd5c-62c5-4100-98c3-7b8b6d2c2ee6&#8243; global_colors_info=\u00bb{}\u00bb][\/et_pb_image][\/et_pb_column][\/et_pb_row][\/et_pb_section]<\/p>\n","protected":false},"excerpt":{"rendered":"<p>En Tradetech Iberia S.L., nos enorgullece ofrecer atenci\u00f3n personalizada, precios competitivos y un compromiso inquebrantable con el crecimiento continuo.Desde 2013, Tradetech Iberia S.L. ha atendido a m\u00e1s de 3000 clientes, ofreciendo productos tecnol\u00f3gicos de alta calidad. Nos destacamos por nuestra atenci\u00f3n personalizada y precios competitivos, siempre con la vista puesta en el crecimiento y la [&hellip;]<\/p>\n","protected":false},"author":1,"featured_media":0,"parent":0,"menu_order":0,"comment_status":"closed","ping_status":"closed","template":"","meta":{"_et_pb_use_builder":"on","_et_pb_old_content":"","_et_gb_content_width":"","footnotes":""},"class_list":["post-11","page","type-page","status-publish","hentry"],"_links":{"self":[{"href":"https:\/\/tradeiberia.es\/index.php\/wp-json\/wp\/v2\/pages\/11","targetHints":{"allow":["GET"]}}],"collection":[{"href":"https:\/\/tradeiberia.es\/index.php\/wp-json\/wp\/v2\/pages"}],"about":[{"href":"https:\/\/tradeiberia.es\/index.php\/wp-json\/wp\/v2\/types\/page"}],"author":[{"embeddable":true,"href":"https:\/\/tradeiberia.es\/index.php\/wp-json\/wp\/v2\/users\/1"}],"replies":[{"embeddable":true,"href":"https:\/\/tradeiberia.es\/index.php\/wp-json\/wp\/v2\/comments?post=11"}],"version-history":[{"count":2,"href":"https:\/\/tradeiberia.es\/index.php\/wp-json\/wp\/v2\/pages\/11\/revisions"}],"predecessor-version":[{"id":43,"href":"https:\/\/tradeiberia.es\/index.php\/wp-json\/wp\/v2\/pages\/11\/revisions\/43"}],"wp:attachment":[{"href":"https:\/\/tradeiberia.es\/index.php\/wp-json\/wp\/v2\/media?parent=11"}],"curies":[{"name":"wp","href":"https:\/\/api.w.org\/{rel}","templated":true}]}}